{"id":57,"date":"2019-02-19T14:29:43","date_gmt":"2019-02-19T14:29:43","guid":{"rendered":"http:\/\/nemzetorseg.hu\/?page_id=57"},"modified":"2021-01-15T11:38:28","modified_gmt":"2021-01-15T11:38:28","slug":"udvozoljuk-a-magyar-nemzetorseg-weblapjan","status":"publish","type":"page","link":"https:\/\/nemzetorseg.hu\/","title":{"rendered":"\u00dcdv\u00f6z\u00f6lj\u00fck a Magyar Nemzet\u0151rs\u00e9g weblapj\u00e1n!"},"content":{"rendered":"\n<p>  <\/p>\n\n\n\n<p>Csapatz\u00e1szl\u00f3 szentel\u00e9s 2005 \u00e9vben.<br> A Kom\u00e1romi Er\u0151dben G\u00f6ncz \u00c1rp\u00e1d eln\u00f6k \u00dar, az els\u0151 szabadon v\u00e1lasztott k\u00f6zt\u00e1rsas\u00e1gi eln\u00f6k, adta \u00e1t a Magyar Nemzet\u0151rs\u00e9g csapatz\u00e1szl\u00f3j\u00e1t, majd z\u00e1szl\u00f3szentel\u00e9s k\u00f6vetkezett. Az \u00fcnnepi m\u0171sort k\u00f6vet\u0151en d\u00edszmenetben elvonultak a Nemzet\u0151r csapatok a d\u00edsztrib\u00fcn el\u0151tt tisztelegve.<br>  A Magyar Nemzet\u0151rs\u00e9g csapatz\u00e1szl\u00f3ja a Nemzet\u0151reink jelk\u00e9pe, \u00e9s egyben \u00f6sszetart\u00f3 ereje.<\/p>\n\n\n\n<figure><iframe loading=\"lazy\" width=\"560\" height=\"315\" src=\"https:\/\/www.youtube.com\/embed\/pkqnP6OVAtc\" allowfullscreen=\"\"><\/iframe><\/figure>\n\n\n\n<figure class=\"wp-block-gallery columns-3 is-cropped wp-block-gallery-1 is-layout-flex wp-block-gallery-is-layout-flex\"><ul class=\"blocks-gallery-grid\"><li class=\"blocks-gallery-item\"><figure><img loading=\"lazy\" decoding=\"async\" width=\"1024\" height=\"768\" src=\"http:\/\/nemzetorseg.hu\/wp-content\/uploads\/2019\/02\/13765706_995203320592571_3973600181156612810_o-1024x768.jpg\" alt=\"\" data-id=\"21\" data-link=\"http:\/\/nemzetorseg.hu\/?attachment_id=21\" class=\"wp-image-21\" srcset=\"https:\/\/nemzetorseg.hu\/wp-content\/uploads\/2019\/02\/13765706_995203320592571_3973600181156612810_o-1024x768.jpg 1024w, https:\/\/nemzetorseg.hu\/wp-content\/uploads\/2019\/02\/13765706_995203320592571_3973600181156612810_o-300x225.jpg 300w, https:\/\/nemzetorseg.hu\/wp-content\/uploads\/2019\/02\/13765706_995203320592571_3973600181156612810_o-768x576.jpg 768w, https:\/\/nemzetorseg.hu\/wp-content\/uploads\/2019\/02\/13765706_995203320592571_3973600181156612810_o.jpg 1600w\" sizes=\"auto, (max-width: 1024px) 100vw, 1024px\" \/><\/figure><\/li><li class=\"blocks-gallery-item\"><figure><img loading=\"lazy\" decoding=\"async\" width=\"1024\" height=\"768\" src=\"http:\/\/nemzetorseg.hu\/wp-content\/uploads\/2019\/02\/13600351_1066760040064799_4053023450314364832_n-1024x768.jpg\" alt=\"\" data-id=\"19\" data-link=\"http:\/\/nemzetorseg.hu\/?attachment_id=19\" class=\"wp-image-19\" srcset=\"https:\/\/nemzetorseg.hu\/wp-content\/uploads\/2019\/02\/13600351_1066760040064799_4053023450314364832_n-1024x768.jpg 1024w, https:\/\/nemzetorseg.hu\/wp-content\/uploads\/2019\/02\/13600351_1066760040064799_4053023450314364832_n-300x225.jpg 300w, https:\/\/nemzetorseg.hu\/wp-content\/uploads\/2019\/02\/13600351_1066760040064799_4053023450314364832_n-768x576.jpg 768w, https:\/\/nemzetorseg.hu\/wp-content\/uploads\/2019\/02\/13600351_1066760040064799_4053023450314364832_n.jpg 1600w\" sizes=\"auto, (max-width: 1024px) 100vw, 1024px\" \/><\/figure><\/li><li class=\"blocks-gallery-item\"><figure><img loading=\"lazy\" decoding=\"async\" width=\"1024\" height=\"768\" src=\"http:\/\/nemzetorseg.hu\/wp-content\/uploads\/2019\/02\/13717472_995203177259252_5378267150493795492_o-1024x768.jpg\" alt=\"\" data-id=\"20\" data-link=\"http:\/\/nemzetorseg.hu\/?attachment_id=20\" class=\"wp-image-20\" srcset=\"https:\/\/nemzetorseg.hu\/wp-content\/uploads\/2019\/02\/13717472_995203177259252_5378267150493795492_o-1024x768.jpg 1024w, https:\/\/nemzetorseg.hu\/wp-content\/uploads\/2019\/02\/13717472_995203177259252_5378267150493795492_o-300x225.jpg 300w, https:\/\/nemzetorseg.hu\/wp-content\/uploads\/2019\/02\/13717472_995203177259252_5378267150493795492_o-768x576.jpg 768w, https:\/\/nemzetorseg.hu\/wp-content\/uploads\/2019\/02\/13717472_995203177259252_5378267150493795492_o.jpg 1600w\" sizes=\"auto, (max-width: 1024px) 100vw, 1024px\" \/><\/figure><\/li><li class=\"blocks-gallery-item\"><figure><img loading=\"lazy\" decoding=\"async\" width=\"1024\" height=\"768\" src=\"http:\/\/nemzetorseg.hu\/wp-content\/uploads\/2019\/02\/01-Kom\u00e1rom106-1024x768.jpg\" alt=\"\" data-id=\"208\" data-link=\"http:\/\/nemzetorseg.hu\/?attachment_id=208\" class=\"wp-image-208\" srcset=\"https:\/\/nemzetorseg.hu\/wp-content\/uploads\/2019\/02\/01-Kom\u00e1rom106-1024x768.jpg 1024w, https:\/\/nemzetorseg.hu\/wp-content\/uploads\/2019\/02\/01-Kom\u00e1rom106-300x225.jpg 300w, https:\/\/nemzetorseg.hu\/wp-content\/uploads\/2019\/02\/01-Kom\u00e1rom106-768x576.jpg 768w, https:\/\/nemzetorseg.hu\/wp-content\/uploads\/2019\/02\/01-Kom\u00e1rom106.jpg 1600w\" sizes=\"auto, (max-width: 1024px) 100vw, 1024px\" \/><figcaption class=\"blocks-gallery-item__caption\">OLYMPUS DIGITAL CAMERA<\/figcaption><\/figure><\/li><li class=\"blocks-gallery-item\"><figure><img loading=\"lazy\" decoding=\"async\" width=\"1024\" height=\"768\" src=\"http:\/\/nemzetorseg.hu\/wp-content\/uploads\/2019\/02\/01-Kom\u00e1rom96-1024x768.jpg\" alt=\"\" data-id=\"210\" data-link=\"http:\/\/nemzetorseg.hu\/?attachment_id=210\" class=\"wp-image-210\" srcset=\"https:\/\/nemzetorseg.hu\/wp-content\/uploads\/2019\/02\/01-Kom\u00e1rom96-1024x768.jpg 1024w, https:\/\/nemzetorseg.hu\/wp-content\/uploads\/2019\/02\/01-Kom\u00e1rom96-300x225.jpg 300w, https:\/\/nemzetorseg.hu\/wp-content\/uploads\/2019\/02\/01-Kom\u00e1rom96-768x576.jpg 768w, https:\/\/nemzetorseg.hu\/wp-content\/uploads\/2019\/02\/01-Kom\u00e1rom96.jpg 1600w\" sizes=\"auto, (max-width: 1024px) 100vw, 1024px\" \/><figcaption class=\"blocks-gallery-item__caption\">OLYMPUS DIGITAL CAMERA<\/figcaption><\/figure><\/li><li class=\"blocks-gallery-item\"><figure><img loading=\"lazy\" decoding=\"async\" width=\"1024\" height=\"768\" src=\"http:\/\/nemzetorseg.hu\/wp-content\/uploads\/2019\/02\/01-Kom\u00e1rom40-1024x768.jpg\" alt=\"\" data-id=\"211\" data-link=\"http:\/\/nemzetorseg.hu\/?attachment_id=211\" class=\"wp-image-211\" srcset=\"https:\/\/nemzetorseg.hu\/wp-content\/uploads\/2019\/02\/01-Kom\u00e1rom40-1024x768.jpg 1024w, https:\/\/nemzetorseg.hu\/wp-content\/uploads\/2019\/02\/01-Kom\u00e1rom40-300x225.jpg 300w, https:\/\/nemzetorseg.hu\/wp-content\/uploads\/2019\/02\/01-Kom\u00e1rom40-768x576.jpg 768w, https:\/\/nemzetorseg.hu\/wp-content\/uploads\/2019\/02\/01-Kom\u00e1rom40.jpg 1600w\" sizes=\"auto, (max-width: 1024px) 100vw, 1024px\" \/><figcaption class=\"blocks-gallery-item__caption\">OLYMPUS DIGITAL CAMERA<\/figcaption><\/figure><\/li><li class=\"blocks-gallery-item\"><figure><img loading=\"lazy\" decoding=\"async\" width=\"1024\" height=\"768\" src=\"http:\/\/nemzetorseg.hu\/wp-content\/uploads\/2019\/02\/01-Kom\u00e1rom84-1024x768.jpg\" alt=\"\" data-id=\"212\" data-link=\"http:\/\/nemzetorseg.hu\/?attachment_id=212\" class=\"wp-image-212\" srcset=\"https:\/\/nemzetorseg.hu\/wp-content\/uploads\/2019\/02\/01-Kom\u00e1rom84-1024x768.jpg 1024w, https:\/\/nemzetorseg.hu\/wp-content\/uploads\/2019\/02\/01-Kom\u00e1rom84-300x225.jpg 300w, https:\/\/nemzetorseg.hu\/wp-content\/uploads\/2019\/02\/01-Kom\u00e1rom84-768x576.jpg 768w, https:\/\/nemzetorseg.hu\/wp-content\/uploads\/2019\/02\/01-Kom\u00e1rom84.jpg 1600w\" sizes=\"auto, (max-width: 1024px) 100vw, 1024px\" \/><figcaption class=\"blocks-gallery-item__caption\">OLYMPUS DIGITAL CAMERA<\/figcaption><\/figure><\/li><li class=\"blocks-gallery-item\"><figure><img loading=\"lazy\" decoding=\"async\" width=\"1024\" height=\"768\" src=\"http:\/\/nemzetorseg.hu\/wp-content\/uploads\/2019\/02\/01-Kom\u00e1rom56-1024x768.jpg\" alt=\"\" data-id=\"213\" data-link=\"http:\/\/nemzetorseg.hu\/?attachment_id=213\" class=\"wp-image-213\" srcset=\"https:\/\/nemzetorseg.hu\/wp-content\/uploads\/2019\/02\/01-Kom\u00e1rom56-1024x768.jpg 1024w, https:\/\/nemzetorseg.hu\/wp-content\/uploads\/2019\/02\/01-Kom\u00e1rom56-300x225.jpg 300w, https:\/\/nemzetorseg.hu\/wp-content\/uploads\/2019\/02\/01-Kom\u00e1rom56-768x576.jpg 768w, https:\/\/nemzetorseg.hu\/wp-content\/uploads\/2019\/02\/01-Kom\u00e1rom56.jpg 1600w\" sizes=\"auto, (max-width: 1024px) 100vw, 1024px\" \/><figcaption class=\"blocks-gallery-item__caption\">OLYMPUS DIGITAL CAMERA<\/figcaption><\/figure><\/li><li class=\"blocks-gallery-item\"><figure><img loading=\"lazy\" decoding=\"async\" width=\"1024\" height=\"768\" src=\"http:\/\/nemzetorseg.hu\/wp-content\/uploads\/2019\/02\/01-Kom\u00e1rom94-1024x768.jpg\" alt=\"\" data-id=\"214\" data-link=\"http:\/\/nemzetorseg.hu\/?attachment_id=214\" class=\"wp-image-214\" srcset=\"https:\/\/nemzetorseg.hu\/wp-content\/uploads\/2019\/02\/01-Kom\u00e1rom94-1024x768.jpg 1024w, https:\/\/nemzetorseg.hu\/wp-content\/uploads\/2019\/02\/01-Kom\u00e1rom94-300x225.jpg 300w, https:\/\/nemzetorseg.hu\/wp-content\/uploads\/2019\/02\/01-Kom\u00e1rom94-768x576.jpg 768w, https:\/\/nemzetorseg.hu\/wp-content\/uploads\/2019\/02\/01-Kom\u00e1rom94.jpg 1600w\" sizes=\"auto, (max-width: 1024px) 100vw, 1024px\" \/><figcaption class=\"blocks-gallery-item__caption\">OLYMPUS DIGITAL CAMERA<\/figcaption><\/figure><\/li><\/ul><\/figure>\n\n\n\n<p>A Nemzet\u0151rs\u00e9g t\u00f6bb, mint 170 \u00e9ves szervezet. El\u0151sz\u00f6r 1848-ban a tizenk\u00e9t pont 5. pontja mondta ki a nemzet\u0151rs\u00e9g megalak\u00edt\u00e1s\u00e1t, mely a f\u00fcggetlen magyar honv\u00e9d hadsereg magv\u00e1t k\u00e9pezte. A hivatalos szervez\u00e9s \u00e1prilis utols\u00f3 harmad\u00e1ban kezd\u0151d\u00f6tt a nemzet\u0151rs\u00e9gr\u0151l sz\u00f3l\u00f3 XII. t\u00f6rv\u00e9nycikk alapj\u00e1n. K\u00f6zponti ir\u00e1ny\u00edt\u00f3 szerve az ugyancsak akkor alak\u00edtott Orsz\u00e1gos Nemzet\u0151ri Haditan\u00e1cs lett, amely k\u00f6zvetlen\u00fcl gr\u00f3f Batthy\u00e1ny Lajos minisztereln\u00f6k, a Nemzet\u0151rs\u00e9g Orsz\u00e1gos f\u0151parancsnok\u00e1nak fel\u00fcgyelete al\u00e1 tartozott.<\/p>\n\n\n\n<p>K\u0151vetkez\u0151 alkalommal 1944. Kisk\u00e1r\u00e1n alakult \u00fajj\u00e1, majd 1955. okt\u00f3ber 31.-\u00e9n\nBudapesten a Kili\u00e1n laktany\u00e1ban a Forradalmi Karhatalmi Bizotts\u00e1g al\u00e1 tartoz\u00f3\nBudapesti Karhatalmi Parancsnoks\u00e1g vezet\u00e9s\u00e9vel Kir\u00e1ly B\u00e9la vez\u00e9r\u0151rnagy\nparancsnoks\u00e1ga alatt m\u0171k\u00f6d\u00f6tt. Feladata volt a forradalom v\u00edvm\u00e1nyainak v\u00e9delme,\naz \u00e1llami valamint mag\u00e1ntulajdon meg\u0151rz\u00e9se \u00e9s harc a k\u00fclf\u00f6ldi agresszorral\nszemben.<\/p>\n\n\n\n<p>Napjainkban, a nemzet\u0151rs\u00e9g feladata nem v\u00e1ltozott csak adapt\u00e1lni kell a\ndemokratikus f\u00fcggetlen Magyarorsz\u00e1g jelenlegi viszonyaira. C\u00e9lja az\n\u00e1llampolg\u00e1rok hazaszeretetre nevel\u00e9se \u00e9s a hagyom\u00e1ny\u0151rz\u00e9s, az \u00e1llami \u00e9s a\npolg\u00e1ri \u00e9rt\u00e9kek v\u00e9delme sz\u00e9lesk\u00f6r\u0171 t\u00e1rsadalmi \u00f6sszefog\u00e1ssal, a hader\u0151reform\nseg\u00edt\u00e9se, valamint a NATO kompatibilit\u00e1s el\u0151seg\u00edt\u00e9se.<\/p>\n\n\n\n<p>Korm\u00e1nyzati \u00e9s t\u00e1rsadalmi ig\u00e9ny l\u00e9pett fel, hogy a haz\u00e1nkban m\u0171k\u00f6d\u0151 Nemzet\u0151r szervezeteket egys\u00e9ges\u00edteni, t\u00f6m\u00f6r\u00edteni kell \u00e9s az orsz\u00e1gos vezet\u0151s\u00e9ge alakuljon meg. 1996-ban megalakult, a Nemzet\u0151r Szervezetek Orsz\u00e1gos eln\u00f6ks\u00e9ge \u00e9s 4 alap\u00edt\u00f3 szervezet 2000-ben l\u00e9trehozta a Magyar Nemzet\u0151r\u00f6k Orsz\u00e1gos Sz\u00f6vets\u00e9g\u00e9t, amely el\u0151sz\u00f6r er\u0151s\u00edtette meg, hogy t\u00f6rt\u00e9nelmi f\u0151parancsnokunk Kir\u00e1ly B\u00e9la ny\u00e1. vez\u00e9r\u0151rnagy j\u00f3v\u00e1hagy\u00e1sa \u00e9s elismer\u00e9se alapj\u00e1n m\u0171k\u00f6dik.<\/p>\n","protected":false},"excerpt":{"rendered":"<p>Csapatz\u00e1szl\u00f3 szentel\u00e9s 2005 \u00e9vben. A Kom\u00e1romi Er\u0151dben G\u00f6ncz \u00c1rp\u00e1d eln\u00f6k \u00dar, az els\u0151 szabadon v\u00e1lasztott k\u00f6zt\u00e1rsas\u00e1gi eln\u00f6k, adta \u00e1t a Magyar Nemzet\u0151rs\u00e9g csapatz\u00e1szl\u00f3j\u00e1t, majd z\u00e1szl\u00f3szentel\u00e9s&hellip;<\/p>\n","protected":false},"author":1,"featured_media":0,"parent":0,"menu_order":0,"comment_status":"closed","ping_status":"closed","template":"","meta":{"footnotes":""},"class_list":["post-57","page","type-page","status-publish","hentry"],"_links":{"self":[{"href":"https:\/\/nemzetorseg.hu\/index.php?rest_route=\/wp\/v2\/pages\/57","targetHints":{"allow":["GET"]}}],"collection":[{"href":"https:\/\/nemzetorseg.hu\/index.php?rest_route=\/wp\/v2\/pages"}],"about":[{"href":"https:\/\/nemzetorseg.hu\/index.php?rest_route=\/wp\/v2\/types\/page"}],"author":[{"embeddable":true,"href":"https:\/\/nemzetorseg.hu\/index.php?rest_route=\/wp\/v2\/users\/1"}],"replies":[{"embeddable":true,"href":"https:\/\/nemzetorseg.hu\/index.php?rest_route=%2Fwp%2Fv2%2Fcomments&post=57"}],"version-history":[{"count":10,"href":"https:\/\/nemzetorseg.hu\/index.php?rest_route=\/wp\/v2\/pages\/57\/revisions"}],"predecessor-version":[{"id":1138,"href":"https:\/\/nemzetorseg.hu\/index.php?rest_route=\/wp\/v2\/pages\/57\/revisions\/1138"}],"wp:attachment":[{"href":"https:\/\/nemzetorseg.hu\/index.php?rest_route=%2Fwp%2Fv2%2Fmedia&parent=57"}],"curies":[{"name":"wp","href":"https:\/\/api.w.org\/{rel}","templated":true}]}}