{"id":52,"date":"2019-02-19T14:18:26","date_gmt":"2019-02-19T14:18:26","guid":{"rendered":"http:\/\/nemzetorseg.hu\/?page_id=52"},"modified":"2019-02-25T12:13:38","modified_gmt":"2019-02-25T12:13:38","slug":"nemzetor-rendfokozatok","status":"publish","type":"page","link":"https:\/\/nemzetorseg.hu\/?page_id=52","title":{"rendered":"Nemzet\u0151r rendfokozatok"},"content":{"rendered":"\n<figure class=\"wp-block-image\"><img loading=\"lazy\" decoding=\"async\" width=\"420\" height=\"315\" src=\"http:\/\/nemzetorseg.hu\/wp-content\/uploads\/2019\/02\/tts.jpg\" alt=\"\" class=\"wp-image-32\" srcset=\"https:\/\/nemzetorseg.hu\/wp-content\/uploads\/2019\/02\/tts.jpg 420w, https:\/\/nemzetorseg.hu\/wp-content\/uploads\/2019\/02\/tts-300x225.jpg 300w\" sizes=\"auto, (max-width: 420px) 100vw, 420px\" \/><figcaption>Tisztesek: nemzet\u0151r \u0151rvezet\u0151, nemzet\u0151r tizedes, nemzet\u0151r szakaszvezet\u0151<\/figcaption><\/figure>\n\n\n\n<figure class=\"wp-block-image\"><img loading=\"lazy\" decoding=\"async\" width=\"420\" height=\"315\" src=\"http:\/\/nemzetorseg.hu\/wp-content\/uploads\/2019\/02\/tth.jpg\" alt=\"\" class=\"wp-image-31\" srcset=\"https:\/\/nemzetorseg.hu\/wp-content\/uploads\/2019\/02\/tth.jpg 420w, https:\/\/nemzetorseg.hu\/wp-content\/uploads\/2019\/02\/tth-300x225.jpg 300w\" sizes=\"auto, (max-width: 420px) 100vw, 420px\" \/><figcaption>Tiszthelyettesek: nemzet\u0151r \u0151rmester, nemzet\u0151r t\u00f6rzs\u0151rmester, nemzet\u0151r f\u0151t\u00f6rzs\u0151rmester<\/figcaption><\/figure>\n\n\n\n<figure class=\"wp-block-image\"><img loading=\"lazy\" decoding=\"async\" width=\"420\" height=\"315\" src=\"http:\/\/nemzetorseg.hu\/wp-content\/uploads\/2019\/02\/zls.jpg\" alt=\"\" class=\"wp-image-33\" srcset=\"https:\/\/nemzetorseg.hu\/wp-content\/uploads\/2019\/02\/zls.jpg 420w, https:\/\/nemzetorseg.hu\/wp-content\/uploads\/2019\/02\/zls-300x225.jpg 300w\" sizes=\"auto, (max-width: 420px) 100vw, 420px\" \/><figcaption>Z\u00e1szl\u00f3sok: nemzet\u0151r z\u00e1szl\u00f3s, nemzet\u0151r t\u00f6rzsz\u00e1szl\u00f3s, nemzet\u0151r f\u0151t\u00f6rzsz\u00e1szl\u00f3s<\/figcaption><\/figure>\n\n\n\n<figure class=\"wp-block-image\"><img loading=\"lazy\" decoding=\"async\" width=\"420\" height=\"315\" src=\"http:\/\/nemzetorseg.hu\/wp-content\/uploads\/2019\/02\/tisztek.jpg\" alt=\"\" class=\"wp-image-30\" srcset=\"https:\/\/nemzetorseg.hu\/wp-content\/uploads\/2019\/02\/tisztek.jpg 420w, https:\/\/nemzetorseg.hu\/wp-content\/uploads\/2019\/02\/tisztek-300x225.jpg 300w\" sizes=\"auto, (max-width: 420px) 100vw, 420px\" \/><figcaption>Tisztek: nemzet\u0151r hadnagy, nemzet\u0151r f\u0151hadnagy, nemzet\u0151r sz\u00e1zados<\/figcaption><\/figure>\n\n\n\n<figure class=\"wp-block-image\"><img loading=\"lazy\" decoding=\"async\" width=\"420\" height=\"315\" src=\"http:\/\/nemzetorseg.hu\/wp-content\/uploads\/2019\/02\/fotiszt.jpg\" alt=\"\" class=\"wp-image-28\" srcset=\"https:\/\/nemzetorseg.hu\/wp-content\/uploads\/2019\/02\/fotiszt.jpg 420w, https:\/\/nemzetorseg.hu\/wp-content\/uploads\/2019\/02\/fotiszt-300x225.jpg 300w\" sizes=\"auto, (max-width: 420px) 100vw, 420px\" \/><figcaption>F\u0151tisztek: nemzet\u0151r \u0151rnagy, nemzet\u0151r alezredes, nemzet\u0151r ezredes<\/figcaption><\/figure>\n\n\n\n<figure class=\"wp-block-image\"><img loading=\"lazy\" decoding=\"async\" width=\"420\" height=\"315\" src=\"http:\/\/nemzetorseg.hu\/wp-content\/uploads\/2019\/02\/tabornok.jpg\" alt=\"\" class=\"wp-image-29\" srcset=\"https:\/\/nemzetorseg.hu\/wp-content\/uploads\/2019\/02\/tabornok.jpg 420w, https:\/\/nemzetorseg.hu\/wp-content\/uploads\/2019\/02\/tabornok-300x225.jpg 300w\" sizes=\"auto, (max-width: 420px) 100vw, 420px\" \/><figcaption>T\u00e1bornokok: nemzet\u0151r dand\u00e1rt\u00e1bornok, nemzet\u0151r vez\u00e9r\u0151rnagy, nemzet\u0151r alt\u00e1bornagy<\/figcaption><\/figure>\n","protected":false},"excerpt":{"rendered":"","protected":false},"author":1,"featured_media":0,"parent":0,"menu_order":0,"comment_status":"closed","ping_status":"closed","template":"","meta":{"footnotes":""},"class_list":["post-52","page","type-page","status-publish","hentry"],"_links":{"self":[{"href":"https:\/\/nemzetorseg.hu\/index.php?rest_route=\/wp\/v2\/pages\/52","targetHints":{"allow":["GET"]}}],"collection":[{"href":"https:\/\/nemzetorseg.hu\/index.php?rest_route=\/wp\/v2\/pages"}],"about":[{"href":"https:\/\/nemzetorseg.hu\/index.php?rest_route=\/wp\/v2\/types\/page"}],"author":[{"embeddable":true,"href":"https:\/\/nemzetorseg.hu\/index.php?rest_route=\/wp\/v2\/users\/1"}],"replies":[{"embeddable":true,"href":"https:\/\/nemzetorseg.hu\/index.php?rest_route=%2Fwp%2Fv2%2Fcomments&post=52"}],"version-history":[{"count":3,"href":"https:\/\/nemzetorseg.hu\/index.php?rest_route=\/wp\/v2\/pages\/52\/revisions"}],"predecessor-version":[{"id":189,"href":"https:\/\/nemzetorseg.hu\/index.php?rest_route=\/wp\/v2\/pages\/52\/revisions\/189"}],"wp:attachment":[{"href":"https:\/\/nemzetorseg.hu\/index.php?rest_route=%2Fwp%2Fv2%2Fmedia&parent=52"}],"curies":[{"name":"wp","href":"https:\/\/api.w.org\/{rel}","templated":true}]}}